{"id":3310,"date":"2020-04-27T12:36:14","date_gmt":"2020-04-27T12:36:14","guid":{"rendered":"https:\/\/laurent.qodeinteractive.com\/elementor\/?page_id=3310"},"modified":"2023-04-28T14:35:07","modified_gmt":"2023-04-28T12:35:07","slug":"restaurant","status":"publish","type":"page","link":"https:\/\/daryacout.com\/en\/restaurant\/","title":{"rendered":"RESTAURANT"},"content":{"rendered":"<div data-elementor-type=\"wp-page\" data-elementor-id=\"3310\" class=\"elementor elementor-3310\">\n\t\t\t\t\t\t<section class=\"elementor-section elementor-top-section elementor-element elementor-element-9e506b3 elementor-section-boxed elementor-section-height-default elementor-section-height-default eltdf-parallax-row-no eltdf-content-aligment-left eltdf-elementor-row-grid-no eltdf-disabled-bg-image-bellow-no\" data-id=\"9e506b3\" data-element_type=\"section\" data-e-type=\"section\">\n\t\t\t\t\t\t<div class=\"elementor-container elementor-column-gap-default\">\n\t\t\t\t\t<div class=\"elementor-column elementor-col-66 elementor-top-column elementor-element elementor-element-2b5c44c\" data-id=\"2b5c44c\" data-element_type=\"column\" data-e-type=\"column\">\n\t\t\t<div class=\"elementor-widget-wrap elementor-element-populated\">\n\t\t\t\t\t\t<div class=\"elementor-element elementor-element-92765b6 elementor-widget elementor-widget-eltdf_section_title\" data-id=\"92765b6\" data-element_type=\"widget\" data-e-type=\"widget\" data-widget_type=\"eltdf_section_title.default\">\n\t\t\t\t<div class=\"elementor-widget-container\">\n\t\t\t\t\t<div class=\"eltdf-section-title-holder\" style=\"text-align: center\">\n\t<div class=\"eltdf-st-inner\">\n                    <span class=\"eltdf-st-tagline\">\n                Dar Yacout            <\/span>\n        \t\t            <div class=\"eltdf-st-title-holder\">\n                                    <div class=\"decor\"><svg xmlns=\"http:\/\/www.w3.org\/2000\/svg\" width=\"41.125\" height=\"9.146\">\n                            <path fill=\"none\" stroke=\"#9C7C57\" stroke-miterlimit=\"10\" d=\"M40.881 8.576L20.562.591.244 8.576\"\/>\n                            <path fill=\"none\" stroke=\"#9C7C57\" stroke-miterlimit=\"10\" d=\"M40.881.591L20.562 8.576.243.591\"\/>\n                        <\/svg><\/div>\n                                <h2 class=\"eltdf-st-title\" >\n                    About                 <\/h2>\n                                    <div class=\"decor\"><svg xmlns=\"http:\/\/www.w3.org\/2000\/svg\" width=\"41.125\" height=\"9.146\">\n                            <path fill=\"none\" stroke=\"#9C7C57\" stroke-miterlimit=\"10\" d=\"M40.881 8.576L20.562.591.244 8.576\"\/>\n                            <path fill=\"none\" stroke=\"#9C7C57\" stroke-miterlimit=\"10\" d=\"M40.881.591L20.562 8.576.243.591\"\/>\n                        <\/svg><\/div>\n                            <\/div>\n\t\t\t\t\t\t\t<\/div>\n<\/div>\t\t\t\t<\/div>\n\t\t\t\t<\/div>\n\t\t\t\t<div class=\"elementor-element elementor-element-61f3909 elementor-widget elementor-widget-text-editor\" data-id=\"61f3909\" data-element_type=\"widget\" data-e-type=\"widget\" data-widget_type=\"text-editor.default\">\n\t\t\t\t<div class=\"elementor-widget-container\">\n\t\t\t\t\t\t\t\t\t<p>Ideally located in the heart of the Marrakech medina, Dar Yacout is considered the pearl of the city's restaurants. One of the oldest guest tables in Marrakech, the magic of this place is owed to Mohamed Zkhiri who made it an unmissable stop for food lovers and gourmets in search of authentic experiences.<\/p><p>This is a place with a most enchanting setting, where it is pleasant to savor a cocktail while contemplating the magic of the sunset, or to taste a finely prepared chef's meal made with local products.<\/p><p>The atmosphere of this guest table is proudly steeped in Moroccan tradition: the nooks, musical ambiance, and dishes served all celebrate Moroccan immersion, accompanied by service recognized as one of the best in Morocco.<\/p>\t\t\t\t\t\t\t\t<\/div>\n\t\t\t\t<\/div>\n\t\t\t\t\t<\/div>\n\t\t<\/div>\n\t\t\t\t<div class=\"elementor-column elementor-col-33 elementor-top-column elementor-element elementor-element-22573f1\" data-id=\"22573f1\" data-element_type=\"column\" data-e-type=\"column\">\n\t\t\t<div class=\"elementor-widget-wrap elementor-element-populated\">\n\t\t\t\t\t\t<div class=\"elementor-element elementor-element-499bd90 elementor-widget elementor-widget-spacer\" data-id=\"499bd90\" data-element_type=\"widget\" data-e-type=\"widget\" data-widget_type=\"spacer.default\">\n\t\t\t\t<div class=\"elementor-widget-container\">\n\t\t\t\t\t\t\t<div class=\"elementor-spacer\">\n\t\t\t<div class=\"elementor-spacer-inner\"><\/div>\n\t\t<\/div>\n\t\t\t\t\t\t<\/div>\n\t\t\t\t<\/div>\n\t\t\t\t<div class=\"elementor-element elementor-element-fc16c1d elementor-widget elementor-widget-image\" data-id=\"fc16c1d\" data-element_type=\"widget\" data-e-type=\"widget\" data-widget_type=\"image.default\">\n\t\t\t\t<div class=\"elementor-widget-container\">\n\t\t\t\t\t\t\t\t\t\t\t\t\t\t\t<img fetchpriority=\"high\" decoding=\"async\" width=\"678\" height=\"1024\" src=\"https:\/\/daryacout.com\/wp-content\/uploads\/2023\/02\/32d835e8-50fd-47d7-ac78-07da164e3a3f-678x1024.jpg\" class=\"attachment-large size-large wp-image-4952\" alt=\"\" srcset=\"https:\/\/daryacout.com\/wp-content\/uploads\/2023\/02\/32d835e8-50fd-47d7-ac78-07da164e3a3f-678x1024.jpg 678w, https:\/\/daryacout.com\/wp-content\/uploads\/2023\/02\/32d835e8-50fd-47d7-ac78-07da164e3a3f-199x300.jpg 199w, https:\/\/daryacout.com\/wp-content\/uploads\/2023\/02\/32d835e8-50fd-47d7-ac78-07da164e3a3f-768x1160.jpg 768w, https:\/\/daryacout.com\/wp-content\/uploads\/2023\/02\/32d835e8-50fd-47d7-ac78-07da164e3a3f-132x200.jpg 132w, https:\/\/daryacout.com\/wp-content\/uploads\/2023\/02\/32d835e8-50fd-47d7-ac78-07da164e3a3f-1017x1536.jpg 1017w, https:\/\/daryacout.com\/wp-content\/uploads\/2023\/02\/32d835e8-50fd-47d7-ac78-07da164e3a3f-600x907.jpg 600w, https:\/\/daryacout.com\/wp-content\/uploads\/2023\/02\/32d835e8-50fd-47d7-ac78-07da164e3a3f.jpg 1059w\" sizes=\"(max-width: 678px) 100vw, 678px\" \/>\t\t\t\t\t\t\t\t\t\t\t\t\t\t\t<\/div>\n\t\t\t\t<\/div>\n\t\t\t\t\t<\/div>\n\t\t<\/div>\n\t\t\t\t\t<\/div>\n\t\t<\/section>\n\t\t\t\t<section class=\"elementor-section elementor-top-section elementor-element elementor-element-ae81de5 elementor-section-boxed elementor-section-height-default elementor-section-height-default eltdf-parallax-row-no eltdf-content-aligment-left eltdf-elementor-row-grid-no eltdf-disabled-bg-image-bellow-no\" data-id=\"ae81de5\" data-element_type=\"section\" data-e-type=\"section\">\n\t\t\t\t\t\t<div class=\"elementor-container elementor-column-gap-default\">\n\t\t\t\t\t<div class=\"elementor-column elementor-col-100 elementor-top-column elementor-element elementor-element-722808f\" data-id=\"722808f\" data-element_type=\"column\" data-e-type=\"column\">\n\t\t\t<div class=\"elementor-widget-wrap elementor-element-populated\">\n\t\t\t\t\t\t<div class=\"elementor-element elementor-element-da3a30c elementor-widget elementor-widget-eltdf_section_title\" data-id=\"da3a30c\" data-element_type=\"widget\" data-e-type=\"widget\" data-widget_type=\"eltdf_section_title.default\">\n\t\t\t\t<div class=\"elementor-widget-container\">\n\t\t\t\t\t<div class=\"eltdf-section-title-holder\" style=\"text-align: center\">\n\t<div class=\"eltdf-st-inner\">\n                    <span class=\"eltdf-st-tagline\">\n                Dar Yacout            <\/span>\n        \t\t            <div class=\"eltdf-st-title-holder\">\n                                    <div class=\"decor\"><svg xmlns=\"http:\/\/www.w3.org\/2000\/svg\" width=\"41.125\" height=\"9.146\">\n                            <path fill=\"none\" stroke=\"#9C7C57\" stroke-miterlimit=\"10\" d=\"M40.881 8.576L20.562.591.244 8.576\"\/>\n                            <path fill=\"none\" stroke=\"#9C7C57\" stroke-miterlimit=\"10\" d=\"M40.881.591L20.562 8.576.243.591\"\/>\n                        <\/svg><\/div>\n                                <h2 class=\"eltdf-st-title\" >\n                    Ritual of the place                 <\/h2>\n                                    <div class=\"decor\"><svg xmlns=\"http:\/\/www.w3.org\/2000\/svg\" width=\"41.125\" height=\"9.146\">\n                            <path fill=\"none\" stroke=\"#9C7C57\" stroke-miterlimit=\"10\" d=\"M40.881 8.576L20.562.591.244 8.576\"\/>\n                            <path fill=\"none\" stroke=\"#9C7C57\" stroke-miterlimit=\"10\" d=\"M40.881.591L20.562 8.576.243.591\"\/>\n                        <\/svg><\/div>\n                            <\/div>\n\t\t\t\t\t\t\t<\/div>\n<\/div>\t\t\t\t<\/div>\n\t\t\t\t<\/div>\n\t\t\t\t<div class=\"elementor-element elementor-element-751319c elementor-widget elementor-widget-text-editor\" data-id=\"751319c\" data-element_type=\"widget\" data-e-type=\"widget\" data-widget_type=\"text-editor.default\">\n\t\t\t\t<div class=\"elementor-widget-container\">\n\t\t\t\t\t\t\t\t\t<p>Going to Dar Yacout is an experience that goes far beyond simple culinary discovery. It is a life experience that begins as soon as the main door is crossed, a timeless escape where good taste and refinement are the guiding principles.<\/p><p>As suggested by Moroccan family tradition, Dar Yacout offers its guests the warmest welcome, personally ensured by Youssef Zkhiri himself. As the master of the place, Youssef takes great pleasure in receiving his guests while welcoming them.<\/p><p>The appreciation of the experience at Dar Yacout begins with a drink to sip on the terrace. Fresh juice, Moroccan tea, alcoholic and non-alcoholic cocktails are among the choices offered to guests who can enjoy the sunset thanks to the breathtaking view provided. This moment is accompanied by a beautiful musical atmosphere where Gnaoua ma\u00e2lems hypnotize the place with enchanting sound magic.<\/p><p>Once the aperitif is finished, guests can walk down the stairs to the heart of the large house and choose the setting where their dishes will be served. Between the floor bathed in the fervor of warm colors and the patio wrapped in beautiful trees and strong arches, the choice could be difficult. However, each space offers its own identity and invites the same conviviality with the Zkhiri signature.<\/p><p>Then comes the great moment of tasting: the recipes offered by the menu are mainly inspired by Moroccan gastronomy. This surprises food lovers not only by the freshness of the ingredients but also by the sensuality of the revisited flavors. Between a variety of Moroccan salads or a pastilla (to be ordered in advance) as starters, meat tagine with seasonal vegetables, beldi chicken with olives, or baked fish depending on the catch, and finally a sweet indulgence for dessert like pastilla with milk and almonds or honey crepes: a journey of delectable flavors to spoil the taste buds.<\/p>\t\t\t\t\t\t\t\t<\/div>\n\t\t\t\t<\/div>\n\t\t\t\t\t<\/div>\n\t\t<\/div>\n\t\t\t\t\t<\/div>\n\t\t<\/section>\n\t\t\t\t<\/div>","protected":false},"excerpt":{"rendered":"<p>Dar Yacout \u00c0 propos Id\u00e9alement situ\u00e9 au c\u0153ur de la m\u00e9dina de Marrakech, Dar Yacout est consid\u00e9r\u00e9 comme la perle des restaurants de la ville ocre. Table d\u2019h\u00f4tes des plus anciennes de Marrakech, on doit la magie de ce lieu [&hellip;]<\/p>\n","protected":false},"author":1,"featured_media":0,"parent":0,"menu_order":0,"comment_status":"closed","ping_status":"closed","template":"full-width.php","meta":{"om_disable_all_campaigns":false,"_monsterinsights_skip_tracking":false,"_monsterinsights_sitenote_active":false,"_monsterinsights_sitenote_note":"","_monsterinsights_sitenote_category":0,"_uf_show_specific_survey":0,"_uf_disable_surveys":false,"footnotes":""},"class_list":["post-3310","page","type-page","status-publish","hentry"],"aioseo_notices":[],"_links":{"self":[{"href":"https:\/\/daryacout.com\/en\/wp-json\/wp\/v2\/pages\/3310","targetHints":{"allow":["GET"]}}],"collection":[{"href":"https:\/\/daryacout.com\/en\/wp-json\/wp\/v2\/pages"}],"about":[{"href":"https:\/\/daryacout.com\/en\/wp-json\/wp\/v2\/types\/page"}],"author":[{"embeddable":true,"href":"https:\/\/daryacout.com\/en\/wp-json\/wp\/v2\/users\/1"}],"replies":[{"embeddable":true,"href":"https:\/\/daryacout.com\/en\/wp-json\/wp\/v2\/comments?post=3310"}],"version-history":[{"count":0,"href":"https:\/\/daryacout.com\/en\/wp-json\/wp\/v2\/pages\/3310\/revisions"}],"wp:attachment":[{"href":"https:\/\/daryacout.com\/en\/wp-json\/wp\/v2\/media?parent=3310"}],"curies":[{"name":"wp","href":"https:\/\/api.w.org\/{rel}","templated":true}]}}